{"id":15,"date":"2021-04-19T15:44:53","date_gmt":"2021-04-19T12:44:53","guid":{"rendered":"https:\/\/rauntsivoblerid.eu\/?page_id=15"},"modified":"2022-10-15T12:31:06","modified_gmt":"2022-10-15T09:31:06","slug":"edasimuujad","status":"publish","type":"page","link":"https:\/\/rauntsivoblerid.eu\/en\/edasimuujad\/","title":{"rendered":"Distributors"},"content":{"rendered":"<div data-elementor-type=\"wp-page\" data-elementor-id=\"15\" class=\"elementor elementor-15\">\n\t\t\t\t\t\t<section class=\"elementor-section elementor-top-section elementor-element elementor-element-9d8ad72 elementor-section-full_width elementor-section-stretched elementor-section-height-default elementor-section-height-default\" data-id=\"9d8ad72\" data-element_type=\"section\" data-settings=\"{&quot;stretch_section&quot;:&quot;section-stretched&quot;,&quot;background_background&quot;:&quot;classic&quot;,&quot;shape_divider_top&quot;:&quot;waves&quot;,&quot;shape_divider_bottom&quot;:&quot;waves&quot;,&quot;shape_divider_bottom_negative&quot;:&quot;yes&quot;}\">\n\t\t\t\t\t<div class=\"elementor-shape elementor-shape-top\" aria-hidden=\"true\" data-negative=\"false\">\n\t\t\t<svg xmlns=\"http:\/\/www.w3.org\/2000\/svg\" viewbox=\"0 0 1000 100\" preserveaspectratio=\"none\">\n\t<path class=\"elementor-shape-fill\" d=\"M421.9,6.5c22.6-2.5,51.5,0.4,75.5,5.3c23.6,4.9,70.9,23.5,100.5,35.7c75.8,32.2,133.7,44.5,192.6,49.7\tc23.6,2.1,48.7,3.5,103.4-2.5c54.7-6,106.2-25.6,106.2-25.6V0H0v30.3c0,0,72,32.6,158.4,30.5c39.2-0.7,92.8-6.7,134-22.4\tc21.2-8.1,52.2-18.2,79.7-24.2C399.3,7.9,411.6,7.5,421.9,6.5z\"\/>\n<\/svg>\t\t<\/div>\n\t\t\t\t<div class=\"elementor-shape elementor-shape-bottom\" aria-hidden=\"true\" data-negative=\"true\">\n\t\t\t<svg xmlns=\"http:\/\/www.w3.org\/2000\/svg\" viewbox=\"0 0 1000 100\" preserveaspectratio=\"none\">\n\t<path class=\"elementor-shape-fill\" d=\"M790.5,93.1c-59.3-5.3-116.8-18-192.6-50c-29.6-12.7-76.9-31-100.5-35.9c-23.6-4.9-52.6-7.8-75.5-5.3\tc-10.2,1.1-22.6,1.4-50.1,7.4c-27.2,6.3-58.2,16.6-79.4,24.7c-41.3,15.9-94.9,21.9-134,22.6C72,58.2,0,25.8,0,25.8V100h1000V65.3\tc0,0-51.5,19.4-106.2,25.7C839.5,97,814.1,95.2,790.5,93.1z\"\/>\n<\/svg>\t\t<\/div>\n\t\t\t\t\t<div class=\"elementor-container elementor-column-gap-default\">\n\t\t\t\t\t<div class=\"elementor-column elementor-col-100 elementor-top-column elementor-element elementor-element-eded27c\" data-id=\"eded27c\" data-element_type=\"column\">\n\t\t\t<div class=\"elementor-widget-wrap elementor-element-populated\">\n\t\t\t\t\t\t<div class=\"elementor-element elementor-element-e15aea1 gallery-spacing-custom elementor-widget elementor-widget-image-gallery\" data-id=\"e15aea1\" data-element_type=\"widget\" data-widget_type=\"image-gallery.default\">\n\t\t\t\t<div class=\"elementor-widget-container\">\n\t\t\t\t\t\t\t<div class=\"elementor-image-gallery\">\n\t\t\t<div id='gallery-1' class='gallery galleryid-15 gallery-columns-3 gallery-size-medium_large'><figure class='gallery-item'>\n\t\t\t<div class='gallery-icon landscape'>\n\t\t\t\t<img decoding=\"async\" width=\"224\" height=\"100\" src=\"https:\/\/rauntsivoblerid.eu\/wp-content\/uploads\/2021\/04\/bobo.png\" class=\"attachment-medium_large size-medium_large\" alt=\"\" \/>\n\t\t\t<\/div><\/figure><figure class='gallery-item'>\n\t\t\t<div class='gallery-icon landscape'>\n\t\t\t\t<img decoding=\"async\" width=\"212\" height=\"90\" src=\"https:\/\/rauntsivoblerid.eu\/wp-content\/uploads\/2021\/04\/kalaportaal.png\" class=\"attachment-medium_large size-medium_large\" alt=\"\" \/>\n\t\t\t<\/div><\/figure><figure class='gallery-item'>\n\t\t\t<div class='gallery-icon landscape'>\n\t\t\t\t<img fetchpriority=\"high\" decoding=\"async\" width=\"768\" height=\"185\" src=\"https:\/\/rauntsivoblerid.eu\/wp-content\/uploads\/2021\/04\/salmoee-logo-1486801668-768x185.png\" class=\"attachment-medium_large size-medium_large\" alt=\"\" srcset=\"https:\/\/rauntsivoblerid.eu\/wp-content\/uploads\/2021\/04\/salmoee-logo-1486801668-768x185.png 768w, https:\/\/rauntsivoblerid.eu\/wp-content\/uploads\/2021\/04\/salmoee-logo-1486801668-300x72.png 300w, https:\/\/rauntsivoblerid.eu\/wp-content\/uploads\/2021\/04\/salmoee-logo-1486801668-416x100.png 416w, https:\/\/rauntsivoblerid.eu\/wp-content\/uploads\/2021\/04\/salmoee-logo-1486801668.png 803w\" sizes=\"(max-width: 768px) 100vw, 768px\" \/>\n\t\t\t<\/div><\/figure><figure class='gallery-item'>\n\t\t\t<div class='gallery-icon landscape'>\n\t\t\t\t<img loading=\"lazy\" decoding=\"async\" width=\"266\" height=\"169\" src=\"https:\/\/rauntsivoblerid.eu\/wp-content\/uploads\/2021\/04\/kalastusmaailm-1.png\" class=\"attachment-medium_large size-medium_large\" alt=\"\" \/>\n\t\t\t<\/div><\/figure><figure class='gallery-item'>\n\t\t\t<div class='gallery-icon landscape'>\n\t\t\t\t<img loading=\"lazy\" decoding=\"async\" width=\"453\" height=\"103\" src=\"https:\/\/rauntsivoblerid.eu\/wp-content\/uploads\/2021\/04\/matkatarbed.png\" class=\"attachment-medium_large size-medium_large\" alt=\"\" srcset=\"https:\/\/rauntsivoblerid.eu\/wp-content\/uploads\/2021\/04\/matkatarbed.png 453w, https:\/\/rauntsivoblerid.eu\/wp-content\/uploads\/2021\/04\/matkatarbed-300x68.png 300w, https:\/\/rauntsivoblerid.eu\/wp-content\/uploads\/2021\/04\/matkatarbed-416x95.png 416w\" sizes=\"(max-width: 453px) 100vw, 453px\" \/>\n\t\t\t<\/div><\/figure><figure class='gallery-item'>\n\t\t\t<div class='gallery-icon landscape'>\n\t\t\t\t<img loading=\"lazy\" decoding=\"async\" width=\"225\" height=\"225\" src=\"https:\/\/rauntsivoblerid.eu\/wp-content\/uploads\/2022\/10\/download.png\" class=\"attachment-medium_large size-medium_large\" alt=\"\" srcset=\"https:\/\/rauntsivoblerid.eu\/wp-content\/uploads\/2022\/10\/download.png 225w, https:\/\/rauntsivoblerid.eu\/wp-content\/uploads\/2022\/10\/download-150x150.png 150w, https:\/\/rauntsivoblerid.eu\/wp-content\/uploads\/2022\/10\/download-12x12.png 12w, https:\/\/rauntsivoblerid.eu\/wp-content\/uploads\/2022\/10\/download-100x100.png 100w\" sizes=\"(max-width: 225px) 100vw, 225px\" \/>\n\t\t\t<\/div><\/figure>\n\t\t<\/div>\n\t\t<\/div>\n\t\t\t\t\t\t<\/div>\n\t\t\t\t<\/div>\n\t\t\t\t\t<\/div>\n\t\t<\/div>\n\t\t\t\t\t<\/div>\n\t\t<\/section>\n\t\t\t\t<\/div>","protected":false},"excerpt":{"rendered":"","protected":false},"author":2,"featured_media":0,"parent":0,"menu_order":0,"comment_status":"closed","ping_status":"closed","template":"","meta":{"footnotes":""},"class_list":["post-15","page","type-page","status-publish","hentry"],"yoast_head":"<!-- This site is optimized with the Yoast SEO plugin v26.6 - https:\/\/yoast.com\/wordpress\/plugins\/seo\/ -->\n<title>Edasim\u00fc\u00fcjad - Rauntsi Voblerid<\/title>\n<meta name=\"robots\" content=\"index, follow, max-snippet:-1, max-image-preview:large, max-video-preview:-1\" \/>\n<link rel=\"canonical\" href=\"https:\/\/rauntsivoblerid.eu\/en\/edasimuujad\/\" \/>\n<meta property=\"og:locale\" content=\"en_GB\" \/>\n<meta property=\"og:type\" content=\"article\" \/>\n<meta property=\"og:title\" content=\"Edasim\u00fc\u00fcjad - Rauntsi Voblerid\" \/>\n<meta property=\"og:url\" content=\"https:\/\/rauntsivoblerid.eu\/en\/edasimuujad\/\" \/>\n<meta property=\"og:site_name\" content=\"Rauntsi Voblerid\" \/>\n<meta property=\"article:publisher\" content=\"https:\/\/www.facebook.com\/rauntsivoblerid\" \/>\n<meta property=\"article:modified_time\" content=\"2022-10-15T09:31:06+00:00\" \/>\n<meta property=\"og:image\" content=\"https:\/\/rauntsivoblerid.eu\/wp-content\/uploads\/2021\/04\/bobo.png\" \/>\n<meta name=\"twitter:card\" content=\"summary_large_image\" \/>\n<meta name=\"twitter:label1\" content=\"Estimated reading time\" \/>\n\t<meta name=\"twitter:data1\" content=\"2 minutes\" \/>\n<script type=\"application\/ld+json\" class=\"yoast-schema-graph\">{\"@context\":\"https:\/\/schema.org\",\"@graph\":[{\"@type\":\"WebPage\",\"@id\":\"https:\/\/rauntsivoblerid.eu\/edasimuujad\/\",\"url\":\"https:\/\/rauntsivoblerid.eu\/edasimuujad\/\",\"name\":\"Edasim\u00fc\u00fcjad - Rauntsi Voblerid\",\"isPartOf\":{\"@id\":\"https:\/\/rauntsivoblerid.eu\/#website\"},\"primaryImageOfPage\":{\"@id\":\"https:\/\/rauntsivoblerid.eu\/edasimuujad\/#primaryimage\"},\"image\":{\"@id\":\"https:\/\/rauntsivoblerid.eu\/edasimuujad\/#primaryimage\"},\"thumbnailUrl\":\"https:\/\/rauntsivoblerid.eu\/wp-content\/uploads\/2021\/04\/bobo.png\",\"datePublished\":\"2021-04-19T12:44:53+00:00\",\"dateModified\":\"2022-10-15T09:31:06+00:00\",\"breadcrumb\":{\"@id\":\"https:\/\/rauntsivoblerid.eu\/edasimuujad\/#breadcrumb\"},\"inLanguage\":\"en-GB\",\"potentialAction\":[{\"@type\":\"ReadAction\",\"target\":[\"https:\/\/rauntsivoblerid.eu\/edasimuujad\/\"]}]},{\"@type\":\"ImageObject\",\"inLanguage\":\"en-GB\",\"@id\":\"https:\/\/rauntsivoblerid.eu\/edasimuujad\/#primaryimage\",\"url\":\"https:\/\/rauntsivoblerid.eu\/wp-content\/uploads\/2021\/04\/bobo.png\",\"contentUrl\":\"https:\/\/rauntsivoblerid.eu\/wp-content\/uploads\/2021\/04\/bobo.png\"},{\"@type\":\"BreadcrumbList\",\"@id\":\"https:\/\/rauntsivoblerid.eu\/edasimuujad\/#breadcrumb\",\"itemListElement\":[{\"@type\":\"ListItem\",\"position\":1,\"name\":\"Home\",\"item\":\"https:\/\/rauntsivoblerid.eu\/\"},{\"@type\":\"ListItem\",\"position\":2,\"name\":\"Edasim\u00fc\u00fcjad\"}]},{\"@type\":\"WebSite\",\"@id\":\"https:\/\/rauntsivoblerid.eu\/#website\",\"url\":\"https:\/\/rauntsivoblerid.eu\/\",\"name\":\"Rauntsi Voblerid\",\"description\":\"K\u00e4sit\u00f6\u00f6na valmistatud haugi, l\u00f5he, meriforelli ja j\u00f5eforelli landid\",\"publisher\":{\"@id\":\"https:\/\/rauntsivoblerid.eu\/#organization\"},\"potentialAction\":[{\"@type\":\"SearchAction\",\"target\":{\"@type\":\"EntryPoint\",\"urlTemplate\":\"https:\/\/rauntsivoblerid.eu\/?s={search_term_string}\"},\"query-input\":{\"@type\":\"PropertyValueSpecification\",\"valueRequired\":true,\"valueName\":\"search_term_string\"}}],\"inLanguage\":\"en-GB\"},{\"@type\":\"Organization\",\"@id\":\"https:\/\/rauntsivoblerid.eu\/#organization\",\"name\":\"Rauntsi Voblerid\",\"url\":\"https:\/\/rauntsivoblerid.eu\/\",\"logo\":{\"@type\":\"ImageObject\",\"inLanguage\":\"en-GB\",\"@id\":\"https:\/\/rauntsivoblerid.eu\/#\/schema\/logo\/image\/\",\"url\":\"https:\/\/rauntsivoblerid.eu\/wp-content\/uploads\/2021\/04\/cropped-4022673_transparent.png\",\"contentUrl\":\"https:\/\/rauntsivoblerid.eu\/wp-content\/uploads\/2021\/04\/cropped-4022673_transparent.png\",\"width\":1425,\"height\":729,\"caption\":\"Rauntsi Voblerid\"},\"image\":{\"@id\":\"https:\/\/rauntsivoblerid.eu\/#\/schema\/logo\/image\/\"},\"sameAs\":[\"https:\/\/www.facebook.com\/rauntsivoblerid\",\"https:\/\/www.instagram.com\/rauntsi_voblerid\/\"]}]}<\/script>\n<!-- \/ Yoast SEO plugin. -->","yoast_head_json":{"title":"Edasim\u00fc\u00fcjad - Rauntsi Voblerid","robots":{"index":"index","follow":"follow","max-snippet":"max-snippet:-1","max-image-preview":"max-image-preview:large","max-video-preview":"max-video-preview:-1"},"canonical":"https:\/\/rauntsivoblerid.eu\/en\/edasimuujad\/","og_locale":"en_GB","og_type":"article","og_title":"Edasim\u00fc\u00fcjad - Rauntsi Voblerid","og_url":"https:\/\/rauntsivoblerid.eu\/en\/edasimuujad\/","og_site_name":"Rauntsi Voblerid","article_publisher":"https:\/\/www.facebook.com\/rauntsivoblerid","article_modified_time":"2022-10-15T09:31:06+00:00","og_image":[{"url":"https:\/\/rauntsivoblerid.eu\/wp-content\/uploads\/2021\/04\/bobo.png","type":"","width":"","height":""}],"twitter_card":"summary_large_image","twitter_misc":{"Estimated reading time":"2 minutes"},"schema":{"@context":"https:\/\/schema.org","@graph":[{"@type":"WebPage","@id":"https:\/\/rauntsivoblerid.eu\/edasimuujad\/","url":"https:\/\/rauntsivoblerid.eu\/edasimuujad\/","name":"Edasim\u00fc\u00fcjad - Rauntsi Voblerid","isPartOf":{"@id":"https:\/\/rauntsivoblerid.eu\/#website"},"primaryImageOfPage":{"@id":"https:\/\/rauntsivoblerid.eu\/edasimuujad\/#primaryimage"},"image":{"@id":"https:\/\/rauntsivoblerid.eu\/edasimuujad\/#primaryimage"},"thumbnailUrl":"https:\/\/rauntsivoblerid.eu\/wp-content\/uploads\/2021\/04\/bobo.png","datePublished":"2021-04-19T12:44:53+00:00","dateModified":"2022-10-15T09:31:06+00:00","breadcrumb":{"@id":"https:\/\/rauntsivoblerid.eu\/edasimuujad\/#breadcrumb"},"inLanguage":"en-GB","potentialAction":[{"@type":"ReadAction","target":["https:\/\/rauntsivoblerid.eu\/edasimuujad\/"]}]},{"@type":"ImageObject","inLanguage":"en-GB","@id":"https:\/\/rauntsivoblerid.eu\/edasimuujad\/#primaryimage","url":"https:\/\/rauntsivoblerid.eu\/wp-content\/uploads\/2021\/04\/bobo.png","contentUrl":"https:\/\/rauntsivoblerid.eu\/wp-content\/uploads\/2021\/04\/bobo.png"},{"@type":"BreadcrumbList","@id":"https:\/\/rauntsivoblerid.eu\/edasimuujad\/#breadcrumb","itemListElement":[{"@type":"ListItem","position":1,"name":"Home","item":"https:\/\/rauntsivoblerid.eu\/"},{"@type":"ListItem","position":2,"name":"Edasim\u00fc\u00fcjad"}]},{"@type":"WebSite","@id":"https:\/\/rauntsivoblerid.eu\/#website","url":"https:\/\/rauntsivoblerid.eu\/","name":"Rauntsi Voblerid","description":"K\u00e4sit\u00f6\u00f6na valmistatud haugi, l\u00f5he, meriforelli ja j\u00f5eforelli landid","publisher":{"@id":"https:\/\/rauntsivoblerid.eu\/#organization"},"potentialAction":[{"@type":"SearchAction","target":{"@type":"EntryPoint","urlTemplate":"https:\/\/rauntsivoblerid.eu\/?s={search_term_string}"},"query-input":{"@type":"PropertyValueSpecification","valueRequired":true,"valueName":"search_term_string"}}],"inLanguage":"en-GB"},{"@type":"Organization","@id":"https:\/\/rauntsivoblerid.eu\/#organization","name":"Rauntsi Voblerid","url":"https:\/\/rauntsivoblerid.eu\/","logo":{"@type":"ImageObject","inLanguage":"en-GB","@id":"https:\/\/rauntsivoblerid.eu\/#\/schema\/logo\/image\/","url":"https:\/\/rauntsivoblerid.eu\/wp-content\/uploads\/2021\/04\/cropped-4022673_transparent.png","contentUrl":"https:\/\/rauntsivoblerid.eu\/wp-content\/uploads\/2021\/04\/cropped-4022673_transparent.png","width":1425,"height":729,"caption":"Rauntsi Voblerid"},"image":{"@id":"https:\/\/rauntsivoblerid.eu\/#\/schema\/logo\/image\/"},"sameAs":["https:\/\/www.facebook.com\/rauntsivoblerid","https:\/\/www.instagram.com\/rauntsi_voblerid\/"]}]}},"jetpack_sharing_enabled":true,"_links":{"self":[{"href":"https:\/\/rauntsivoblerid.eu\/en\/wp-json\/wp\/v2\/pages\/15","targetHints":{"allow":["GET"]}}],"collection":[{"href":"https:\/\/rauntsivoblerid.eu\/en\/wp-json\/wp\/v2\/pages"}],"about":[{"href":"https:\/\/rauntsivoblerid.eu\/en\/wp-json\/wp\/v2\/types\/page"}],"author":[{"embeddable":true,"href":"https:\/\/rauntsivoblerid.eu\/en\/wp-json\/wp\/v2\/users\/2"}],"replies":[{"embeddable":true,"href":"https:\/\/rauntsivoblerid.eu\/en\/wp-json\/wp\/v2\/comments?post=15"}],"version-history":[{"count":5,"href":"https:\/\/rauntsivoblerid.eu\/en\/wp-json\/wp\/v2\/pages\/15\/revisions"}],"predecessor-version":[{"id":1313,"href":"https:\/\/rauntsivoblerid.eu\/en\/wp-json\/wp\/v2\/pages\/15\/revisions\/1313"}],"wp:attachment":[{"href":"https:\/\/rauntsivoblerid.eu\/en\/wp-json\/wp\/v2\/media?parent=15"}],"curies":[{"name":"wp","href":"https:\/\/api.w.org\/{rel}","templated":true}]}}