{"id":34,"date":"2021-04-19T16:19:11","date_gmt":"2021-04-19T13:19:11","guid":{"rendered":"https:\/\/rauntsivoblerid.eu\/?page_id=34"},"modified":"2021-04-28T16:05:47","modified_gmt":"2021-04-28T13:05:47","slug":"kontakt","status":"publish","type":"page","link":"https:\/\/rauntsivoblerid.eu\/en\/kontakt\/","title":{"rendered":"Contact"},"content":{"rendered":"<div data-elementor-type=\"wp-page\" data-elementor-id=\"34\" class=\"elementor elementor-34\">\n\t\t\t\t\t\t<section class=\"elementor-section elementor-top-section elementor-element elementor-element-ed5d2c5 elementor-section-boxed elementor-section-height-default elementor-section-height-default\" data-id=\"ed5d2c5\" data-element_type=\"section\">\n\t\t\t\t\t\t<div class=\"elementor-container elementor-column-gap-default\">\n\t\t\t\t\t<div class=\"elementor-column elementor-col-50 elementor-top-column elementor-element elementor-element-24f440f\" data-id=\"24f440f\" data-element_type=\"column\">\n\t\t\t<div class=\"elementor-widget-wrap elementor-element-populated\">\n\t\t\t\t\t\t<div class=\"elementor-element elementor-element-3d93023 elementor-widget elementor-widget-text-editor\" data-id=\"3d93023\" data-element_type=\"widget\" data-widget_type=\"text-editor.default\">\n\t\t\t\t<div class=\"elementor-widget-container\">\n\t\t\t\t\t\t\t\t\t<p><strong>Company:<\/strong><\/p><p>KT Baits O\u00dc<br \/>Reg. nr.: 16095296<br \/>KMKR: EE102307928<br \/>LHV EE757700771005519278<\/p><p>+372 5393 9451<br \/>info@rauntsivoblerid.eu<\/p>\t\t\t\t\t\t\t\t<\/div>\n\t\t\t\t<\/div>\n\t\t\t\t\t<\/div>\n\t\t<\/div>\n\t\t\t\t<div class=\"elementor-column elementor-col-50 elementor-top-column elementor-element elementor-element-47da9cf\" data-id=\"47da9cf\" data-element_type=\"column\">\n\t\t\t<div class=\"elementor-widget-wrap elementor-element-populated\">\n\t\t\t\t\t\t<div class=\"elementor-element elementor-element-5eb19f3 elementor-widget elementor-widget-text-editor\" data-id=\"5eb19f3\" data-element_type=\"widget\" data-widget_type=\"text-editor.default\">\n\t\t\t\t<div class=\"elementor-widget-container\">\n\t\t\t\t\t\t\t\t\t<p><strong>Contact me:<\/strong><\/p><p>Do you have any special wishes? For example, you want a certain color or to write something on lure, but you didn't find it in the product range. Feel free to write me your request and we will find a suitable solution.<\/p>\t\t\t\t\t\t\t\t<\/div>\n\t\t\t\t<\/div>\n\t\t\t\t<div class=\"elementor-element elementor-element-d6c5fb4 eael-ninja-form-button-custom elementor-widget elementor-widget-eael-ninja\" data-id=\"d6c5fb4\" data-element_type=\"widget\" data-widget_type=\"eael-ninja.default\">\n\t\t\t\t<div class=\"elementor-widget-container\">\n\t\t\t\t\t            <div class=\"eael-contact-form eael-ninja-form eael-contact-form-align-default\" id=\"eael-ninja-form-34\">\n                                <noscript class=\"ninja-forms-noscript-message\">\n\tNotice: JavaScript is required for this content.<\/noscript>\n<div id=\"nf-form-2-cont\" class=\"nf-form-cont\" aria-live=\"polite\" aria-labelledby=\"nf-form-title-2\" aria-describedby=\"nf-form-errors-2\" role=\"form\">\n\n    <div class=\"nf-loading-spinner\"><\/div>\n\n<\/div>\n        <!-- That data is being printed as a workaround to page builders reordering the order of the scripts loaded-->\n        <script>var formDisplay=1;var nfForms=nfForms||[];var form=[];form.id='2';form.settings={\"objectType\":\"Form Setting\",\"editActive\":true,\"title\":\"Kontaktivorm\",\"show_title\":0,\"allow_public_link\":0,\"embed_form\":\"\",\"clear_complete\":1,\"hide_complete\":1,\"default_label_pos\":\"hidden\",\"wrapper_class\":\"\",\"element_class\":\"\",\"key\":\"\",\"add_submit\":0,\"changeEmailErrorMsg\":\"Sisestage korrektne e-maili aadress\",\"changeDateErrorMsg\":\"Please enter a valid date!\",\"confirmFieldErrorMsg\":\"These fields must match!\",\"fieldNumberNumMinError\":\"Number Min Error\",\"fieldNumberNumMaxError\":\"Number Max Error\",\"fieldNumberIncrementBy\":\"Please increment by \",\"formErrorsCorrectErrors\":\"Parandage vead enne vormi saatmist\",\"validateRequiredField\":\"See on n\\u00f5utud v\\u00e4li\",\"honeypotHoneypotError\":\"Viga\",\"fieldsMarkedRequired\":\"* m\\u00e4rgitud v\\u00e4ljad on kohustuslikud\",\"currency\":\"\",\"repeatable_fieldsets\":\"\",\"unique_field_error\":\"A form with this value has already been submitted.\",\"logged_in\":false,\"not_logged_in_msg\":\"\",\"sub_limit_msg\":\"The form has reached its submission limit.\",\"calculations\":[],\"formContentData\":[\"nimi_1619033389537\",\"e-mail_1619033400679\",\"kontaktnumber_1619033409642\",\"sonum_1619033417803\",\"spam_1619033377218\",\"saada_1619033457001\"],\"drawerDisabled\":false,\"ninjaForms\":\"Ninja Forms\",\"fieldTextareaRTEInsertLink\":\"Insert Link\",\"fieldTextareaRTEInsertMedia\":\"Insert Media\",\"fieldTextareaRTESelectAFile\":\"Select a file\",\"formHoneypot\":\"If you are a human seeing this field, please leave it empty.\",\"fileUploadOldCodeFileUploadInProgress\":\"File Upload in Progress.\",\"fileUploadOldCodeFileUpload\":\"FILE UPLOAD\",\"currencySymbol\":false,\"thousands_sep\":\",\",\"decimal_point\":\".\",\"siteLocale\":\"en_GB\",\"dateFormat\":\"m\\\/d\\\/Y\",\"startOfWeek\":\"1\",\"of\":\"of\",\"previousMonth\":\"Previous Month\",\"nextMonth\":\"Next Month\",\"months\":[\"January\",\"February\",\"March\",\"April\",\"May\",\"June\",\"July\",\"August\",\"September\",\"October\",\"November\",\"December\"],\"monthsShort\":[\"Jan\",\"Feb\",\"Mar\",\"Apr\",\"May\",\"Jun\",\"Jul\",\"Aug\",\"Sep\",\"Oct\",\"Nov\",\"Dec\"],\"weekdays\":[\"Sunday\",\"Monday\",\"Tuesday\",\"Wednesday\",\"Thursday\",\"Friday\",\"Saturday\"],\"weekdaysShort\":[\"Sun\",\"Mon\",\"Tue\",\"Wed\",\"Thu\",\"Fri\",\"Sat\"],\"weekdaysMin\":[\"Su\",\"Mo\",\"Tu\",\"We\",\"Th\",\"Fr\",\"Sa\"],\"recaptchaConsentMissing\":\"reCaptcha validation couldn&#039;t load.\",\"recaptchaMissingCookie\":\"reCaptcha v3 validation couldn&#039;t load the cookie needed to submit the form.\",\"recaptchaConsentEvent\":\"Accept reCaptcha cookies before sending the form.\",\"currency_symbol\":\"\",\"beforeForm\":\"\",\"beforeFields\":\"\",\"afterFields\":\"\",\"afterForm\":\"\"};form.fields=[{\"objectType\":\"Field\",\"objectDomain\":\"fields\",\"editActive\":false,\"order\":1,\"idAttribute\":\"id\",\"type\":\"firstname\",\"label\":\"Nimi\",\"key\":\"nimi_1619033389537\",\"label_pos\":\"hidden\",\"required\":1,\"default\":\"\",\"placeholder\":\"Nimi\",\"container_class\":\"\",\"element_class\":\"\",\"admin_label\":\"\",\"help_text\":\"\",\"custom_name_attribute\":\"fname\",\"personally_identifiable\":1,\"value\":\"\",\"id\":5,\"beforeField\":\"\",\"afterField\":\"\",\"parentType\":\"firstname\",\"element_templates\":[\"firstname\",\"input\"],\"old_classname\":\"\",\"wrap_template\":\"wrap\"},{\"objectType\":\"Field\",\"objectDomain\":\"fields\",\"editActive\":false,\"order\":2,\"idAttribute\":\"id\",\"type\":\"email\",\"label\":\"E-mail\",\"key\":\"e-mail_1619033400679\",\"label_pos\":\"hidden\",\"required\":1,\"default\":\"\",\"placeholder\":\"E-mail\",\"container_class\":\"\",\"element_class\":\"\",\"admin_label\":\"\",\"help_text\":\"\",\"custom_name_attribute\":\"email\",\"personally_identifiable\":1,\"value\":\"\",\"id\":6,\"beforeField\":\"\",\"afterField\":\"\",\"parentType\":\"email\",\"element_templates\":[\"email\",\"input\"],\"old_classname\":\"\",\"wrap_template\":\"wrap\"},{\"objectType\":\"Field\",\"objectDomain\":\"fields\",\"editActive\":false,\"order\":3,\"idAttribute\":\"id\",\"type\":\"phone\",\"label\":\"Kontaktnumber\",\"key\":\"kontaktnumber_1619033409642\",\"label_pos\":\"hidden\",\"required\":1,\"default\":\"\",\"placeholder\":\"Kontaktnumber\",\"container_class\":\"\",\"element_class\":\"\",\"input_limit\":\"\",\"input_limit_type\":\"characters\",\"input_limit_msg\":\"Character(s) left\",\"manual_key\":false,\"admin_label\":\"\",\"help_text\":\"\",\"mask\":\"\",\"custom_mask\":\"\",\"custom_name_attribute\":\"phone\",\"personally_identifiable\":1,\"value\":\"\",\"id\":7,\"beforeField\":\"\",\"afterField\":\"\",\"parentType\":\"textbox\",\"element_templates\":[\"tel\",\"textbox\",\"input\"],\"old_classname\":\"\",\"wrap_template\":\"wrap\"},{\"objectType\":\"Field\",\"objectDomain\":\"fields\",\"editActive\":false,\"order\":4,\"idAttribute\":\"id\",\"type\":\"textarea\",\"label\":\"S\\u00f5num\",\"key\":\"sonum_1619033417803\",\"label_pos\":\"hidden\",\"required\":1,\"default\":\"\",\"placeholder\":\"S\\u00f5num\",\"container_class\":\"\",\"element_class\":\"\",\"input_limit\":\"\",\"input_limit_type\":\"characters\",\"input_limit_msg\":\"Character(s) left\",\"manual_key\":false,\"admin_label\":\"\",\"help_text\":\"\",\"textarea_rte\":\"\",\"disable_rte_mobile\":\"\",\"textarea_media\":\"\",\"value\":\"\",\"drawerDisabled\":false,\"id\":8,\"beforeField\":\"\",\"afterField\":\"\",\"parentType\":\"textarea\",\"element_templates\":[\"textarea\",\"input\"],\"old_classname\":\"\",\"wrap_template\":\"wrap\"},{\"objectType\":\"Field\",\"objectDomain\":\"fields\",\"editActive\":false,\"order\":5,\"idAttribute\":\"id\",\"type\":\"spam\",\"label\":\"10-3=?\",\"key\":\"spam_1619033377218\",\"label_pos\":\"hidden\",\"required\":1,\"default\":\"\",\"placeholder\":\"10-3=?\",\"container_class\":\"\",\"element_class\":\"\",\"input_limit\":\"\",\"input_limit_type\":\"characters\",\"input_limit_msg\":\"Character(s) left\",\"manual_key\":true,\"admin_label\":\"\",\"help_text\":\"\",\"spam_answer\":7,\"value\":\"\",\"id\":9,\"beforeField\":\"\",\"afterField\":\"\",\"parentType\":\"spam\",\"element_templates\":[\"textbox\",\"input\"],\"old_classname\":\"\",\"wrap_template\":\"wrap\"},{\"objectType\":\"Field\",\"objectDomain\":\"fields\",\"editActive\":false,\"order\":6,\"idAttribute\":\"id\",\"type\":\"submit\",\"label\":\"Saada\",\"processing_label\":\"Saatmisel\",\"container_class\":\"\",\"element_class\":\"\",\"key\":\"saada_1619033457001\",\"drawerDisabled\":false,\"id\":10,\"beforeField\":\"\",\"afterField\":\"\",\"value\":\"\",\"label_pos\":\"hidden\",\"parentType\":\"textbox\",\"element_templates\":[\"submit\",\"button\",\"input\"],\"old_classname\":\"\",\"wrap_template\":\"wrap-no-label\"}];nfForms.push(form);<\/script>\n                    <\/div>\n            \t\t\t\t<\/div>\n\t\t\t\t<\/div>\n\t\t\t\t\t<\/div>\n\t\t<\/div>\n\t\t\t\t\t<\/div>\n\t\t<\/section>\n\t\t\t\t<section class=\"elementor-section elementor-top-section elementor-element elementor-element-2e28136 elementor-section-boxed elementor-section-height-default elementor-section-height-default\" data-id=\"2e28136\" data-element_type=\"section\">\n\t\t\t\t\t\t<div class=\"elementor-container elementor-column-gap-default\">\n\t\t\t\t\t\t<\/div>\n\t\t<\/section>\n\t\t\t\t<\/div>","protected":false},"excerpt":{"rendered":"<p>Ettev\u00f5tte: KT Baits O\u00dcReg. nr.: 16095296KMKR: EE102307928LHV EE757700771005519278 +372 5393 9451info@rauntsivoblerid.eu V\u00f5ta \u00fchendust: Kas sul on erisoove? N\u00e4iteks tahad kindlat v\u00e4rvi v\u00f5i landi peale midagi kirjutada, aga tootevalikust seda ei leidnud. Kirjuta julgelt mulle oma soovist ja leiame sobiva lahenduse. Notice: JavaScript is required for this content.<\/p>","protected":false},"author":2,"featured_media":0,"parent":0,"menu_order":0,"comment_status":"closed","ping_status":"closed","template":"","meta":{"footnotes":""},"class_list":["post-34","page","type-page","status-publish","hentry"],"yoast_head":"<!-- This site is optimized with the Yoast SEO plugin v26.6 - https:\/\/yoast.com\/wordpress\/plugins\/seo\/ -->\n<title>Kontakt - Rauntsi Voblerid<\/title>\n<meta name=\"robots\" content=\"index, follow, max-snippet:-1, max-image-preview:large, max-video-preview:-1\" \/>\n<link rel=\"canonical\" href=\"https:\/\/rauntsivoblerid.eu\/en\/kontakt\/\" \/>\n<meta property=\"og:locale\" content=\"en_GB\" \/>\n<meta property=\"og:type\" content=\"article\" \/>\n<meta property=\"og:title\" content=\"Kontakt - Rauntsi Voblerid\" \/>\n<meta property=\"og:description\" content=\"Ettev\u00f5tte: KT Baits O\u00dcReg. nr.: 16095296KMKR: EE102307928LHV EE757700771005519278 +372 5393 9451info@rauntsivoblerid.eu V\u00f5ta \u00fchendust: Kas sul on erisoove? N\u00e4iteks tahad kindlat v\u00e4rvi v\u00f5i landi peale midagi kirjutada, aga tootevalikust seda ei leidnud. Kirjuta julgelt mulle oma soovist ja leiame sobiva lahenduse. Notice: JavaScript is required for this content.\" \/>\n<meta property=\"og:url\" content=\"https:\/\/rauntsivoblerid.eu\/en\/kontakt\/\" \/>\n<meta property=\"og:site_name\" content=\"Rauntsi Voblerid\" \/>\n<meta property=\"article:publisher\" content=\"https:\/\/www.facebook.com\/rauntsivoblerid\" \/>\n<meta property=\"article:modified_time\" content=\"2021-04-28T13:05:47+00:00\" \/>\n<meta name=\"twitter:card\" content=\"summary_large_image\" \/>\n<meta name=\"twitter:label1\" content=\"Estimated reading time\" \/>\n\t<meta name=\"twitter:data1\" content=\"1 minute\" \/>\n<script type=\"application\/ld+json\" class=\"yoast-schema-graph\">{\"@context\":\"https:\/\/schema.org\",\"@graph\":[{\"@type\":\"WebPage\",\"@id\":\"https:\/\/rauntsivoblerid.eu\/kontakt\/\",\"url\":\"https:\/\/rauntsivoblerid.eu\/kontakt\/\",\"name\":\"Kontakt - Rauntsi Voblerid\",\"isPartOf\":{\"@id\":\"https:\/\/rauntsivoblerid.eu\/#website\"},\"datePublished\":\"2021-04-19T13:19:11+00:00\",\"dateModified\":\"2021-04-28T13:05:47+00:00\",\"breadcrumb\":{\"@id\":\"https:\/\/rauntsivoblerid.eu\/kontakt\/#breadcrumb\"},\"inLanguage\":\"en-GB\",\"potentialAction\":[{\"@type\":\"ReadAction\",\"target\":[\"https:\/\/rauntsivoblerid.eu\/kontakt\/\"]}]},{\"@type\":\"BreadcrumbList\",\"@id\":\"https:\/\/rauntsivoblerid.eu\/kontakt\/#breadcrumb\",\"itemListElement\":[{\"@type\":\"ListItem\",\"position\":1,\"name\":\"Home\",\"item\":\"https:\/\/rauntsivoblerid.eu\/\"},{\"@type\":\"ListItem\",\"position\":2,\"name\":\"Kontakt\"}]},{\"@type\":\"WebSite\",\"@id\":\"https:\/\/rauntsivoblerid.eu\/#website\",\"url\":\"https:\/\/rauntsivoblerid.eu\/\",\"name\":\"Rauntsi Voblerid\",\"description\":\"K\u00e4sit\u00f6\u00f6na valmistatud haugi, l\u00f5he, meriforelli ja j\u00f5eforelli landid\",\"publisher\":{\"@id\":\"https:\/\/rauntsivoblerid.eu\/#organization\"},\"potentialAction\":[{\"@type\":\"SearchAction\",\"target\":{\"@type\":\"EntryPoint\",\"urlTemplate\":\"https:\/\/rauntsivoblerid.eu\/?s={search_term_string}\"},\"query-input\":{\"@type\":\"PropertyValueSpecification\",\"valueRequired\":true,\"valueName\":\"search_term_string\"}}],\"inLanguage\":\"en-GB\"},{\"@type\":\"Organization\",\"@id\":\"https:\/\/rauntsivoblerid.eu\/#organization\",\"name\":\"Rauntsi Voblerid\",\"url\":\"https:\/\/rauntsivoblerid.eu\/\",\"logo\":{\"@type\":\"ImageObject\",\"inLanguage\":\"en-GB\",\"@id\":\"https:\/\/rauntsivoblerid.eu\/#\/schema\/logo\/image\/\",\"url\":\"https:\/\/rauntsivoblerid.eu\/wp-content\/uploads\/2021\/04\/cropped-4022673_transparent.png\",\"contentUrl\":\"https:\/\/rauntsivoblerid.eu\/wp-content\/uploads\/2021\/04\/cropped-4022673_transparent.png\",\"width\":1425,\"height\":729,\"caption\":\"Rauntsi Voblerid\"},\"image\":{\"@id\":\"https:\/\/rauntsivoblerid.eu\/#\/schema\/logo\/image\/\"},\"sameAs\":[\"https:\/\/www.facebook.com\/rauntsivoblerid\",\"https:\/\/www.instagram.com\/rauntsi_voblerid\/\"]}]}<\/script>\n<!-- \/ Yoast SEO plugin. -->","yoast_head_json":{"title":"Kontakt - Rauntsi Voblerid","robots":{"index":"index","follow":"follow","max-snippet":"max-snippet:-1","max-image-preview":"max-image-preview:large","max-video-preview":"max-video-preview:-1"},"canonical":"https:\/\/rauntsivoblerid.eu\/en\/kontakt\/","og_locale":"en_GB","og_type":"article","og_title":"Kontakt - Rauntsi Voblerid","og_description":"Ettev\u00f5tte: KT Baits O\u00dcReg. nr.: 16095296KMKR: EE102307928LHV EE757700771005519278 +372 5393 9451info@rauntsivoblerid.eu V\u00f5ta \u00fchendust: Kas sul on erisoove? N\u00e4iteks tahad kindlat v\u00e4rvi v\u00f5i landi peale midagi kirjutada, aga tootevalikust seda ei leidnud. Kirjuta julgelt mulle oma soovist ja leiame sobiva lahenduse. Notice: JavaScript is required for this content.","og_url":"https:\/\/rauntsivoblerid.eu\/en\/kontakt\/","og_site_name":"Rauntsi Voblerid","article_publisher":"https:\/\/www.facebook.com\/rauntsivoblerid","article_modified_time":"2021-04-28T13:05:47+00:00","twitter_card":"summary_large_image","twitter_misc":{"Estimated reading time":"1 minute"},"schema":{"@context":"https:\/\/schema.org","@graph":[{"@type":"WebPage","@id":"https:\/\/rauntsivoblerid.eu\/kontakt\/","url":"https:\/\/rauntsivoblerid.eu\/kontakt\/","name":"Kontakt - Rauntsi Voblerid","isPartOf":{"@id":"https:\/\/rauntsivoblerid.eu\/#website"},"datePublished":"2021-04-19T13:19:11+00:00","dateModified":"2021-04-28T13:05:47+00:00","breadcrumb":{"@id":"https:\/\/rauntsivoblerid.eu\/kontakt\/#breadcrumb"},"inLanguage":"en-GB","potentialAction":[{"@type":"ReadAction","target":["https:\/\/rauntsivoblerid.eu\/kontakt\/"]}]},{"@type":"BreadcrumbList","@id":"https:\/\/rauntsivoblerid.eu\/kontakt\/#breadcrumb","itemListElement":[{"@type":"ListItem","position":1,"name":"Home","item":"https:\/\/rauntsivoblerid.eu\/"},{"@type":"ListItem","position":2,"name":"Kontakt"}]},{"@type":"WebSite","@id":"https:\/\/rauntsivoblerid.eu\/#website","url":"https:\/\/rauntsivoblerid.eu\/","name":"Rauntsi Voblerid","description":"K\u00e4sit\u00f6\u00f6na valmistatud haugi, l\u00f5he, meriforelli ja j\u00f5eforelli landid","publisher":{"@id":"https:\/\/rauntsivoblerid.eu\/#organization"},"potentialAction":[{"@type":"SearchAction","target":{"@type":"EntryPoint","urlTemplate":"https:\/\/rauntsivoblerid.eu\/?s={search_term_string}"},"query-input":{"@type":"PropertyValueSpecification","valueRequired":true,"valueName":"search_term_string"}}],"inLanguage":"en-GB"},{"@type":"Organization","@id":"https:\/\/rauntsivoblerid.eu\/#organization","name":"Rauntsi Voblerid","url":"https:\/\/rauntsivoblerid.eu\/","logo":{"@type":"ImageObject","inLanguage":"en-GB","@id":"https:\/\/rauntsivoblerid.eu\/#\/schema\/logo\/image\/","url":"https:\/\/rauntsivoblerid.eu\/wp-content\/uploads\/2021\/04\/cropped-4022673_transparent.png","contentUrl":"https:\/\/rauntsivoblerid.eu\/wp-content\/uploads\/2021\/04\/cropped-4022673_transparent.png","width":1425,"height":729,"caption":"Rauntsi Voblerid"},"image":{"@id":"https:\/\/rauntsivoblerid.eu\/#\/schema\/logo\/image\/"},"sameAs":["https:\/\/www.facebook.com\/rauntsivoblerid","https:\/\/www.instagram.com\/rauntsi_voblerid\/"]}]}},"jetpack_sharing_enabled":true,"_links":{"self":[{"href":"https:\/\/rauntsivoblerid.eu\/en\/wp-json\/wp\/v2\/pages\/34","targetHints":{"allow":["GET"]}}],"collection":[{"href":"https:\/\/rauntsivoblerid.eu\/en\/wp-json\/wp\/v2\/pages"}],"about":[{"href":"https:\/\/rauntsivoblerid.eu\/en\/wp-json\/wp\/v2\/types\/page"}],"author":[{"embeddable":true,"href":"https:\/\/rauntsivoblerid.eu\/en\/wp-json\/wp\/v2\/users\/2"}],"replies":[{"embeddable":true,"href":"https:\/\/rauntsivoblerid.eu\/en\/wp-json\/wp\/v2\/comments?post=34"}],"version-history":[{"count":5,"href":"https:\/\/rauntsivoblerid.eu\/en\/wp-json\/wp\/v2\/pages\/34\/revisions"}],"predecessor-version":[{"id":870,"href":"https:\/\/rauntsivoblerid.eu\/en\/wp-json\/wp\/v2\/pages\/34\/revisions\/870"}],"wp:attachment":[{"href":"https:\/\/rauntsivoblerid.eu\/en\/wp-json\/wp\/v2\/media?parent=34"}],"curies":[{"name":"wp","href":"https:\/\/api.w.org\/{rel}","templated":true}]}}