{"id":36,"date":"2021-04-19T16:33:18","date_gmt":"2021-04-19T13:33:18","guid":{"rendered":"https:\/\/rauntsivoblerid.eu\/?page_id=36"},"modified":"2021-04-26T10:48:37","modified_gmt":"2021-04-26T07:48:37","slug":"minust","status":"publish","type":"page","link":"https:\/\/rauntsivoblerid.eu\/en\/minust\/","title":{"rendered":"About me"},"content":{"rendered":"<div data-elementor-type=\"wp-page\" data-elementor-id=\"36\" class=\"elementor elementor-36\">\n\t\t\t\t\t\t<section class=\"elementor-section elementor-top-section elementor-element elementor-element-133d5d6f elementor-section-boxed elementor-section-height-default elementor-section-height-default\" data-id=\"133d5d6f\" data-element_type=\"section\" data-e-type=\"section\">\n\t\t\t\t\t\t<div class=\"elementor-container elementor-column-gap-default\">\n\t\t\t\t\t<div class=\"elementor-column elementor-col-50 elementor-top-column elementor-element elementor-element-283ff5d6\" data-id=\"283ff5d6\" data-element_type=\"column\" data-e-type=\"column\">\n\t\t\t<div class=\"elementor-widget-wrap elementor-element-populated\">\n\t\t\t\t\t\t<div class=\"elementor-element elementor-element-20e2a46b elementor-widget elementor-widget-text-editor\" data-id=\"20e2a46b\" data-element_type=\"widget\" data-e-type=\"widget\" data-widget_type=\"text-editor.default\">\n\t\t\t\t<div class=\"elementor-widget-container\">\n\t\t\t\t\t\t\t\t\t\n<p>I started catching fish as soon as I learned to walk. In the beginning, roaches and perch were left on the hook. When I started wearing my neck, I got my first pike by spinning. I caught fishing in a river about ten years ago. Three seasons went to learning and discovering rivers. When things stopped, I started getting moderate fish. From there, sea trout fishing increased. I go fishing all year round. I mainly catch pike and sea trout in the sea, perch and river trout in the rivers.<\/p>\n\n<p>Rauntsi Wobblers started in 2017, when I started making the first experiments with lures. Interest arose in this, because the selection of craftsmen in Estonia was relatively small. The look was immediately upon the Z-tongue lures, which are widely used in Finland. They also worked very well in Estonia. When making lures, I use balsa wood, which gives the lures good buoyancy.<\/p>\n\n<p>From there, I started making lures not only for myself but also for friends. At first there was a lot of testing. We had to find the right shape and the right tongue angle. Once the lures were working, I started looking for the right colors and ceiling. This whole process took more than half a year before the first lure for sale was ready.<\/p>\n\n<p>By now, lure blanks are already coming from the copier. Next, all bodies go to manual processing one by one. Then I add the support wire and weights holding the hooks to the lure. Next, all lures are varnished. When the first coats of varnish have been applied, I will start painting the lands. When the painting process is completed, the lint is varnished again. Now the last stage has arrived, the eyes and the tongue are attached to the lures. Finally, I test each lure separately to select non-players. Thanks to experiments and experience, a wide range of colors has developed. When choosing a color, I also take into account the special wishes of customers.<\/p>\n\t\t\t\t\t\t\t\t<\/div>\n\t\t\t\t<\/div>\n\t\t\t\t\t<\/div>\n\t\t<\/div>\n\t\t\t\t<div class=\"elementor-column elementor-col-50 elementor-top-column elementor-element elementor-element-62a37a7\" data-id=\"62a37a7\" data-element_type=\"column\" data-e-type=\"column\">\n\t\t\t<div class=\"elementor-widget-wrap elementor-element-populated\">\n\t\t\t\t\t\t<div class=\"elementor-element elementor-element-04a54c2 elementor-widget elementor-widget-image\" data-id=\"04a54c2\" data-element_type=\"widget\" data-e-type=\"widget\" data-widget_type=\"image.default\">\n\t\t\t\t<div class=\"elementor-widget-container\">\n\t\t\t\t\t\t\t\t\t\t\t\t\t\t\t<img fetchpriority=\"high\" decoding=\"async\" width=\"768\" height=\"1024\" src=\"https:\/\/rauntsivoblerid.eu\/wp-content\/uploads\/2021\/04\/122776725_676537516333107_8849132646951885782_n.jpg\" class=\"attachment-large size-large wp-image-274\" alt=\"\" srcset=\"https:\/\/rauntsivoblerid.eu\/wp-content\/uploads\/2021\/04\/122776725_676537516333107_8849132646951885782_n.jpg 768w, https:\/\/rauntsivoblerid.eu\/wp-content\/uploads\/2021\/04\/122776725_676537516333107_8849132646951885782_n-225x300.jpg 225w, https:\/\/rauntsivoblerid.eu\/wp-content\/uploads\/2021\/04\/122776725_676537516333107_8849132646951885782_n-416x555.jpg 416w\" sizes=\"(max-width: 768px) 100vw, 768px\" \/>\t\t\t\t\t\t\t\t\t\t\t\t\t\t\t<\/div>\n\t\t\t\t<\/div>\n\t\t\t\t\t<\/div>\n\t\t<\/div>\n\t\t\t\t\t<\/div>\n\t\t<\/section>\n\t\t\t\t<\/div>","protected":false},"excerpt":{"rendered":"<p>Kala hakkasin p\u00fc\u00fcdma kohe, kui olin k\u00f5ndima \u00f5ppinud. Alguses j\u00e4id \u00f5nge otsa s\u00e4rjed ja ahvenad. Kui kaela kandma hakkasin, sain spinninguga oma esimesed haugid. J\u00f5eka p\u00fc\u00fcgini j\u00f5udsin umbes k\u00fcmme aastat tagasi. Kolm hooaega l\u00e4ks \u00f5ppimisele ja j\u00f5gede avastamisele. Siis kui asi k\u00e4pas , hakkasin ka m\u00f5\u00f5dukalasid saama. Sealt edasi lisandus meriforelli p\u00fc\u00fck. Kalal k\u00e4in aastaringselt. [&hellip;]<\/p>\n","protected":false},"author":2,"featured_media":0,"parent":0,"menu_order":0,"comment_status":"closed","ping_status":"closed","template":"","meta":{"footnotes":""},"class_list":["post-36","page","type-page","status-publish","hentry"],"yoast_head":"<!-- This site is optimized with the Yoast SEO plugin v27.6 - https:\/\/yoast.com\/product\/yoast-seo-wordpress\/ -->\n<title>Minust - Rauntsi Voblerid<\/title>\n<meta name=\"robots\" content=\"index, follow, max-snippet:-1, max-image-preview:large, max-video-preview:-1\" \/>\n<link rel=\"canonical\" href=\"https:\/\/rauntsivoblerid.eu\/en\/minust\/\" \/>\n<meta property=\"og:locale\" content=\"en_GB\" \/>\n<meta property=\"og:type\" content=\"article\" \/>\n<meta property=\"og:title\" content=\"Minust - Rauntsi Voblerid\" \/>\n<meta property=\"og:description\" content=\"Kala hakkasin p\u00fc\u00fcdma kohe, kui olin k\u00f5ndima \u00f5ppinud. Alguses j\u00e4id \u00f5nge otsa s\u00e4rjed ja ahvenad. Kui kaela kandma hakkasin, sain spinninguga oma esimesed haugid. J\u00f5eka p\u00fc\u00fcgini j\u00f5udsin umbes k\u00fcmme aastat tagasi. Kolm hooaega l\u00e4ks \u00f5ppimisele ja j\u00f5gede avastamisele. Siis kui asi k\u00e4pas , hakkasin ka m\u00f5\u00f5dukalasid saama. Sealt edasi lisandus meriforelli p\u00fc\u00fck. Kalal k\u00e4in aastaringselt. [&hellip;]\" \/>\n<meta property=\"og:url\" content=\"https:\/\/rauntsivoblerid.eu\/en\/minust\/\" \/>\n<meta property=\"og:site_name\" content=\"Rauntsi Voblerid\" \/>\n<meta property=\"article:publisher\" content=\"https:\/\/www.facebook.com\/rauntsivoblerid\" \/>\n<meta property=\"article:modified_time\" content=\"2021-04-26T07:48:37+00:00\" \/>\n<meta property=\"og:image\" content=\"https:\/\/rauntsivoblerid.eu\/wp-content\/uploads\/2021\/04\/122776725_676537516333107_8849132646951885782_n.jpg\" \/>\n<meta name=\"twitter:card\" content=\"summary_large_image\" \/>\n<meta name=\"twitter:label1\" content=\"Estimated reading time\" \/>\n\t<meta name=\"twitter:data1\" content=\"2 minutes\" \/>\n<script type=\"application\/ld+json\" class=\"yoast-schema-graph\">{\"@context\":\"https:\\\/\\\/schema.org\",\"@graph\":[{\"@type\":\"WebPage\",\"@id\":\"https:\\\/\\\/rauntsivoblerid.eu\\\/minust\\\/\",\"url\":\"https:\\\/\\\/rauntsivoblerid.eu\\\/minust\\\/\",\"name\":\"Minust - Rauntsi Voblerid\",\"isPartOf\":{\"@id\":\"https:\\\/\\\/rauntsivoblerid.eu\\\/#website\"},\"primaryImageOfPage\":{\"@id\":\"https:\\\/\\\/rauntsivoblerid.eu\\\/minust\\\/#primaryimage\"},\"image\":{\"@id\":\"https:\\\/\\\/rauntsivoblerid.eu\\\/minust\\\/#primaryimage\"},\"thumbnailUrl\":\"https:\\\/\\\/rauntsivoblerid.eu\\\/wp-content\\\/uploads\\\/2021\\\/04\\\/122776725_676537516333107_8849132646951885782_n.jpg\",\"datePublished\":\"2021-04-19T13:33:18+00:00\",\"dateModified\":\"2021-04-26T07:48:37+00:00\",\"breadcrumb\":{\"@id\":\"https:\\\/\\\/rauntsivoblerid.eu\\\/minust\\\/#breadcrumb\"},\"inLanguage\":\"en-GB\",\"potentialAction\":[{\"@type\":\"ReadAction\",\"target\":[\"https:\\\/\\\/rauntsivoblerid.eu\\\/minust\\\/\"]}]},{\"@type\":\"ImageObject\",\"inLanguage\":\"en-GB\",\"@id\":\"https:\\\/\\\/rauntsivoblerid.eu\\\/minust\\\/#primaryimage\",\"url\":\"https:\\\/\\\/rauntsivoblerid.eu\\\/wp-content\\\/uploads\\\/2021\\\/04\\\/122776725_676537516333107_8849132646951885782_n.jpg\",\"contentUrl\":\"https:\\\/\\\/rauntsivoblerid.eu\\\/wp-content\\\/uploads\\\/2021\\\/04\\\/122776725_676537516333107_8849132646951885782_n.jpg\"},{\"@type\":\"BreadcrumbList\",\"@id\":\"https:\\\/\\\/rauntsivoblerid.eu\\\/minust\\\/#breadcrumb\",\"itemListElement\":[{\"@type\":\"ListItem\",\"position\":1,\"name\":\"Home\",\"item\":\"https:\\\/\\\/rauntsivoblerid.eu\\\/\"},{\"@type\":\"ListItem\",\"position\":2,\"name\":\"Minust\"}]},{\"@type\":\"WebSite\",\"@id\":\"https:\\\/\\\/rauntsivoblerid.eu\\\/#website\",\"url\":\"https:\\\/\\\/rauntsivoblerid.eu\\\/\",\"name\":\"Rauntsi Voblerid\",\"description\":\"K\u00e4sit\u00f6\u00f6na valmistatud haugi, l\u00f5he, meriforelli ja j\u00f5eforelli landid\",\"publisher\":{\"@id\":\"https:\\\/\\\/rauntsivoblerid.eu\\\/#organization\"},\"potentialAction\":[{\"@type\":\"SearchAction\",\"target\":{\"@type\":\"EntryPoint\",\"urlTemplate\":\"https:\\\/\\\/rauntsivoblerid.eu\\\/?s={search_term_string}\"},\"query-input\":{\"@type\":\"PropertyValueSpecification\",\"valueRequired\":true,\"valueName\":\"search_term_string\"}}],\"inLanguage\":\"en-GB\"},{\"@type\":\"Organization\",\"@id\":\"https:\\\/\\\/rauntsivoblerid.eu\\\/#organization\",\"name\":\"Rauntsi Voblerid\",\"url\":\"https:\\\/\\\/rauntsivoblerid.eu\\\/\",\"logo\":{\"@type\":\"ImageObject\",\"inLanguage\":\"en-GB\",\"@id\":\"https:\\\/\\\/rauntsivoblerid.eu\\\/#\\\/schema\\\/logo\\\/image\\\/\",\"url\":\"https:\\\/\\\/rauntsivoblerid.eu\\\/wp-content\\\/uploads\\\/2021\\\/04\\\/cropped-4022673_transparent.png\",\"contentUrl\":\"https:\\\/\\\/rauntsivoblerid.eu\\\/wp-content\\\/uploads\\\/2021\\\/04\\\/cropped-4022673_transparent.png\",\"width\":1425,\"height\":729,\"caption\":\"Rauntsi Voblerid\"},\"image\":{\"@id\":\"https:\\\/\\\/rauntsivoblerid.eu\\\/#\\\/schema\\\/logo\\\/image\\\/\"},\"sameAs\":[\"https:\\\/\\\/www.facebook.com\\\/rauntsivoblerid\",\"https:\\\/\\\/www.instagram.com\\\/rauntsi_voblerid\\\/\"]}]}<\/script>\n<!-- \/ Yoast SEO plugin. -->","yoast_head_json":{"title":"Minust - Rauntsi Voblerid","robots":{"index":"index","follow":"follow","max-snippet":"max-snippet:-1","max-image-preview":"max-image-preview:large","max-video-preview":"max-video-preview:-1"},"canonical":"https:\/\/rauntsivoblerid.eu\/en\/minust\/","og_locale":"en_GB","og_type":"article","og_title":"Minust - Rauntsi Voblerid","og_description":"Kala hakkasin p\u00fc\u00fcdma kohe, kui olin k\u00f5ndima \u00f5ppinud. Alguses j\u00e4id \u00f5nge otsa s\u00e4rjed ja ahvenad. Kui kaela kandma hakkasin, sain spinninguga oma esimesed haugid. J\u00f5eka p\u00fc\u00fcgini j\u00f5udsin umbes k\u00fcmme aastat tagasi. Kolm hooaega l\u00e4ks \u00f5ppimisele ja j\u00f5gede avastamisele. Siis kui asi k\u00e4pas , hakkasin ka m\u00f5\u00f5dukalasid saama. Sealt edasi lisandus meriforelli p\u00fc\u00fck. Kalal k\u00e4in aastaringselt. [&hellip;]","og_url":"https:\/\/rauntsivoblerid.eu\/en\/minust\/","og_site_name":"Rauntsi Voblerid","article_publisher":"https:\/\/www.facebook.com\/rauntsivoblerid","article_modified_time":"2021-04-26T07:48:37+00:00","og_image":[{"url":"https:\/\/rauntsivoblerid.eu\/wp-content\/uploads\/2021\/04\/122776725_676537516333107_8849132646951885782_n.jpg","type":"","width":"","height":""}],"twitter_card":"summary_large_image","twitter_misc":{"Estimated reading time":"2 minutes"},"schema":{"@context":"https:\/\/schema.org","@graph":[{"@type":"WebPage","@id":"https:\/\/rauntsivoblerid.eu\/minust\/","url":"https:\/\/rauntsivoblerid.eu\/minust\/","name":"Minust - Rauntsi Voblerid","isPartOf":{"@id":"https:\/\/rauntsivoblerid.eu\/#website"},"primaryImageOfPage":{"@id":"https:\/\/rauntsivoblerid.eu\/minust\/#primaryimage"},"image":{"@id":"https:\/\/rauntsivoblerid.eu\/minust\/#primaryimage"},"thumbnailUrl":"https:\/\/rauntsivoblerid.eu\/wp-content\/uploads\/2021\/04\/122776725_676537516333107_8849132646951885782_n.jpg","datePublished":"2021-04-19T13:33:18+00:00","dateModified":"2021-04-26T07:48:37+00:00","breadcrumb":{"@id":"https:\/\/rauntsivoblerid.eu\/minust\/#breadcrumb"},"inLanguage":"en-GB","potentialAction":[{"@type":"ReadAction","target":["https:\/\/rauntsivoblerid.eu\/minust\/"]}]},{"@type":"ImageObject","inLanguage":"en-GB","@id":"https:\/\/rauntsivoblerid.eu\/minust\/#primaryimage","url":"https:\/\/rauntsivoblerid.eu\/wp-content\/uploads\/2021\/04\/122776725_676537516333107_8849132646951885782_n.jpg","contentUrl":"https:\/\/rauntsivoblerid.eu\/wp-content\/uploads\/2021\/04\/122776725_676537516333107_8849132646951885782_n.jpg"},{"@type":"BreadcrumbList","@id":"https:\/\/rauntsivoblerid.eu\/minust\/#breadcrumb","itemListElement":[{"@type":"ListItem","position":1,"name":"Home","item":"https:\/\/rauntsivoblerid.eu\/"},{"@type":"ListItem","position":2,"name":"Minust"}]},{"@type":"WebSite","@id":"https:\/\/rauntsivoblerid.eu\/#website","url":"https:\/\/rauntsivoblerid.eu\/","name":"Rauntsi Voblerid","description":"K\u00e4sit\u00f6\u00f6na valmistatud haugi, l\u00f5he, meriforelli ja j\u00f5eforelli landid","publisher":{"@id":"https:\/\/rauntsivoblerid.eu\/#organization"},"potentialAction":[{"@type":"SearchAction","target":{"@type":"EntryPoint","urlTemplate":"https:\/\/rauntsivoblerid.eu\/?s={search_term_string}"},"query-input":{"@type":"PropertyValueSpecification","valueRequired":true,"valueName":"search_term_string"}}],"inLanguage":"en-GB"},{"@type":"Organization","@id":"https:\/\/rauntsivoblerid.eu\/#organization","name":"Rauntsi Voblerid","url":"https:\/\/rauntsivoblerid.eu\/","logo":{"@type":"ImageObject","inLanguage":"en-GB","@id":"https:\/\/rauntsivoblerid.eu\/#\/schema\/logo\/image\/","url":"https:\/\/rauntsivoblerid.eu\/wp-content\/uploads\/2021\/04\/cropped-4022673_transparent.png","contentUrl":"https:\/\/rauntsivoblerid.eu\/wp-content\/uploads\/2021\/04\/cropped-4022673_transparent.png","width":1425,"height":729,"caption":"Rauntsi Voblerid"},"image":{"@id":"https:\/\/rauntsivoblerid.eu\/#\/schema\/logo\/image\/"},"sameAs":["https:\/\/www.facebook.com\/rauntsivoblerid","https:\/\/www.instagram.com\/rauntsi_voblerid\/"]}]}},"jetpack_sharing_enabled":true,"_links":{"self":[{"href":"https:\/\/rauntsivoblerid.eu\/en\/wp-json\/wp\/v2\/pages\/36","targetHints":{"allow":["GET"]}}],"collection":[{"href":"https:\/\/rauntsivoblerid.eu\/en\/wp-json\/wp\/v2\/pages"}],"about":[{"href":"https:\/\/rauntsivoblerid.eu\/en\/wp-json\/wp\/v2\/types\/page"}],"author":[{"embeddable":true,"href":"https:\/\/rauntsivoblerid.eu\/en\/wp-json\/wp\/v2\/users\/2"}],"replies":[{"embeddable":true,"href":"https:\/\/rauntsivoblerid.eu\/en\/wp-json\/wp\/v2\/comments?post=36"}],"version-history":[{"count":5,"href":"https:\/\/rauntsivoblerid.eu\/en\/wp-json\/wp\/v2\/pages\/36\/revisions"}],"predecessor-version":[{"id":862,"href":"https:\/\/rauntsivoblerid.eu\/en\/wp-json\/wp\/v2\/pages\/36\/revisions\/862"}],"wp:attachment":[{"href":"https:\/\/rauntsivoblerid.eu\/en\/wp-json\/wp\/v2\/media?parent=36"}],"curies":[{"name":"wp","href":"https:\/\/api.w.org\/{rel}","templated":true}]}}