{"id":1316,"date":"2022-10-15T12:46:51","date_gmt":"2022-10-15T09:46:51","guid":{"rendered":"https:\/\/rauntsivoblerid.eu\/?post_type=product&#038;p=1316"},"modified":"2024-05-01T20:06:15","modified_gmt":"2024-05-01T17:06:15","slug":"haugi-lant","status":"publish","type":"product","link":"https:\/\/rauntsivoblerid.eu\/en\/product\/haugi-lant\/","title":{"rendered":"Haugi lant"},"content":{"rendered":"","protected":false},"excerpt":{"rendered":"<p>Haugilant on valmistatud k\u00e4sit\u00f6\u00f6na lepapuust. See k\u00e4sit\u00f6\u00f6lant on ideaalne meie madalasse rannikumerre, j\u00e4rvedele v\u00f5i j\u00f5gedele. Landi sujuv k\u00fcljelt- k\u00fcljele m\u00e4ng ei j\u00e4ta k\u00fclmaks \u00fchtegi haugi ning on ka paras suut\u00e4is kobetamatele ahvenatele ja s\u00e4inastele. Parim m\u00e4ng tuleb esile siis kui teed landi kerimise vahele pause. Lant toimib ilusti nii aeglaselt kui ka kiirelt kerides.<\/p>\n<p>7cm mudel:<\/p>\n<ul>\n<li>kaal 23g<\/li>\n<li>ujumis\u00fcgavus ca 0.2-1m<\/li>\n<li>aeglaselt uppuv<\/li>\n<\/ul>\n<p>10cm mudel:<\/p>\n<ul>\n<li>kaal 35g<\/li>\n<li>ujumiss\u00fcgavus ca 0.5m<\/li>\n<li>aeglaselt uppuv<\/li>\n<\/ul>\n<p>12cm mudel:<\/p>\n<ul>\n<li>kaal 45g<\/li>\n<li>ujumiss\u00fcgavus ca 1m<\/li>\n<li>aeglaselt uppuv<\/li>\n<\/ul>","protected":false},"featured_media":1350,"template":"","meta":[],"product_cat":[15],"product_tag":[],"class_list":{"0":"post-1316","1":"product","2":"type-product","3":"status-publish","4":"has-post-thumbnail","6":"product_cat-landid","8":"first","9":"instock","10":"taxable","11":"shipping-taxable","12":"purchasable","13":"product-type-variable"},"yoast_head":"<!-- This site is optimized with the Yoast SEO plugin v27.6 - https:\/\/yoast.com\/product\/yoast-seo-wordpress\/ -->\n<title>Haugi lant - Rauntsi Voblerid K\u00e4sit\u00f6\u00f6na valmisatud haugi lant<\/title>\n<meta name=\"description\" content=\"Haugilant on valmistatud k\u00e4sit\u00f6\u00f6na lepapuust. See k\u00e4sit\u00f6\u00f6lant on ideaalne meie madalasse rannikumerre, j\u00e4rvedele v\u00f5i j\u00f5gedele.\" \/>\n<meta name=\"robots\" content=\"index, follow, max-snippet:-1, max-image-preview:large, max-video-preview:-1\" \/>\n<link rel=\"canonical\" href=\"https:\/\/rauntsivoblerid.eu\/en\/product\/haugi-lant\/\" \/>\n<meta property=\"og:locale\" content=\"en_GB\" \/>\n<meta property=\"og:type\" content=\"article\" \/>\n<meta property=\"og:title\" content=\"Haugi lant - Rauntsi Voblerid K\u00e4sit\u00f6\u00f6na valmisatud haugi lant\" \/>\n<meta property=\"og:description\" content=\"Haugilant on valmistatud k\u00e4sit\u00f6\u00f6na lepapuust. See k\u00e4sit\u00f6\u00f6lant on ideaalne meie madalasse rannikumerre, j\u00e4rvedele v\u00f5i j\u00f5gedele.\" \/>\n<meta property=\"og:url\" content=\"https:\/\/rauntsivoblerid.eu\/en\/product\/haugi-lant\/\" \/>\n<meta property=\"og:site_name\" content=\"Rauntsi Voblerid\" \/>\n<meta property=\"article:publisher\" content=\"https:\/\/www.facebook.com\/rauntsivoblerid\" \/>\n<meta property=\"article:modified_time\" content=\"2024-05-01T17:06:15+00:00\" \/>\n<meta property=\"og:image\" content=\"https:\/\/rauntsivoblerid.eu\/wp-content\/uploads\/2022\/10\/GSO-scaled.jpg\" \/>\n\t<meta property=\"og:image:width\" content=\"2560\" \/>\n\t<meta property=\"og:image:height\" content=\"1920\" \/>\n\t<meta property=\"og:image:type\" content=\"image\/jpeg\" \/>\n<meta name=\"twitter:card\" content=\"summary_large_image\" \/>\n<meta name=\"twitter:label1\" content=\"Estimated reading time\" \/>\n\t<meta name=\"twitter:data1\" content=\"1 minute\" \/>\n<script type=\"application\/ld+json\" class=\"yoast-schema-graph\">{\"@context\":\"https:\\\/\\\/schema.org\",\"@graph\":[{\"@type\":\"WebPage\",\"@id\":\"https:\\\/\\\/rauntsivoblerid.eu\\\/toode\\\/haugi-lant\\\/\",\"url\":\"https:\\\/\\\/rauntsivoblerid.eu\\\/toode\\\/haugi-lant\\\/\",\"name\":\"Haugi lant - Rauntsi Voblerid K\u00e4sit\u00f6\u00f6na valmisatud haugi lant\",\"isPartOf\":{\"@id\":\"https:\\\/\\\/rauntsivoblerid.eu\\\/#website\"},\"primaryImageOfPage\":{\"@id\":\"https:\\\/\\\/rauntsivoblerid.eu\\\/toode\\\/haugi-lant\\\/#primaryimage\"},\"image\":{\"@id\":\"https:\\\/\\\/rauntsivoblerid.eu\\\/toode\\\/haugi-lant\\\/#primaryimage\"},\"thumbnailUrl\":\"https:\\\/\\\/rauntsivoblerid.eu\\\/wp-content\\\/uploads\\\/2022\\\/10\\\/GSO-scaled.jpg\",\"datePublished\":\"2022-10-15T09:46:51+00:00\",\"dateModified\":\"2024-05-01T17:06:15+00:00\",\"description\":\"Haugilant on valmistatud k\u00e4sit\u00f6\u00f6na lepapuust. See k\u00e4sit\u00f6\u00f6lant on ideaalne meie madalasse rannikumerre, j\u00e4rvedele v\u00f5i j\u00f5gedele.\",\"breadcrumb\":{\"@id\":\"https:\\\/\\\/rauntsivoblerid.eu\\\/toode\\\/haugi-lant\\\/#breadcrumb\"},\"inLanguage\":\"en-GB\",\"potentialAction\":[{\"@type\":\"ReadAction\",\"target\":[\"https:\\\/\\\/rauntsivoblerid.eu\\\/toode\\\/haugi-lant\\\/\"]}]},{\"@type\":\"ImageObject\",\"inLanguage\":\"en-GB\",\"@id\":\"https:\\\/\\\/rauntsivoblerid.eu\\\/toode\\\/haugi-lant\\\/#primaryimage\",\"url\":\"https:\\\/\\\/rauntsivoblerid.eu\\\/wp-content\\\/uploads\\\/2022\\\/10\\\/GSO-scaled.jpg\",\"contentUrl\":\"https:\\\/\\\/rauntsivoblerid.eu\\\/wp-content\\\/uploads\\\/2022\\\/10\\\/GSO-scaled.jpg\",\"width\":2560,\"height\":1920},{\"@type\":\"BreadcrumbList\",\"@id\":\"https:\\\/\\\/rauntsivoblerid.eu\\\/toode\\\/haugi-lant\\\/#breadcrumb\",\"itemListElement\":[{\"@type\":\"ListItem\",\"position\":1,\"name\":\"Home\",\"item\":\"https:\\\/\\\/rauntsivoblerid.eu\\\/\"},{\"@type\":\"ListItem\",\"position\":2,\"name\":\"Pood\",\"item\":\"https:\\\/\\\/rauntsivoblerid.eu\\\/pood\\\/\"},{\"@type\":\"ListItem\",\"position\":3,\"name\":\"Haugi lant\"}]},{\"@type\":\"WebSite\",\"@id\":\"https:\\\/\\\/rauntsivoblerid.eu\\\/#website\",\"url\":\"https:\\\/\\\/rauntsivoblerid.eu\\\/\",\"name\":\"Rauntsi Voblerid\",\"description\":\"K\u00e4sit\u00f6\u00f6na valmistatud haugi, l\u00f5he, meriforelli ja j\u00f5eforelli landid\",\"publisher\":{\"@id\":\"https:\\\/\\\/rauntsivoblerid.eu\\\/#organization\"},\"potentialAction\":[{\"@type\":\"SearchAction\",\"target\":{\"@type\":\"EntryPoint\",\"urlTemplate\":\"https:\\\/\\\/rauntsivoblerid.eu\\\/?s={search_term_string}\"},\"query-input\":{\"@type\":\"PropertyValueSpecification\",\"valueRequired\":true,\"valueName\":\"search_term_string\"}}],\"inLanguage\":\"en-GB\"},{\"@type\":\"Organization\",\"@id\":\"https:\\\/\\\/rauntsivoblerid.eu\\\/#organization\",\"name\":\"Rauntsi Voblerid\",\"url\":\"https:\\\/\\\/rauntsivoblerid.eu\\\/\",\"logo\":{\"@type\":\"ImageObject\",\"inLanguage\":\"en-GB\",\"@id\":\"https:\\\/\\\/rauntsivoblerid.eu\\\/#\\\/schema\\\/logo\\\/image\\\/\",\"url\":\"https:\\\/\\\/rauntsivoblerid.eu\\\/wp-content\\\/uploads\\\/2021\\\/04\\\/cropped-4022673_transparent.png\",\"contentUrl\":\"https:\\\/\\\/rauntsivoblerid.eu\\\/wp-content\\\/uploads\\\/2021\\\/04\\\/cropped-4022673_transparent.png\",\"width\":1425,\"height\":729,\"caption\":\"Rauntsi Voblerid\"},\"image\":{\"@id\":\"https:\\\/\\\/rauntsivoblerid.eu\\\/#\\\/schema\\\/logo\\\/image\\\/\"},\"sameAs\":[\"https:\\\/\\\/www.facebook.com\\\/rauntsivoblerid\",\"https:\\\/\\\/www.instagram.com\\\/rauntsi_voblerid\\\/\"]}]}<\/script>\n<!-- \/ Yoast SEO plugin. -->","yoast_head_json":{"title":"Haugi lant - Rauntsi Voblerid K\u00e4sit\u00f6\u00f6na valmisatud haugi lant","description":"Haugilant on valmistatud k\u00e4sit\u00f6\u00f6na lepapuust. See k\u00e4sit\u00f6\u00f6lant on ideaalne meie madalasse rannikumerre, j\u00e4rvedele v\u00f5i j\u00f5gedele.","robots":{"index":"index","follow":"follow","max-snippet":"max-snippet:-1","max-image-preview":"max-image-preview:large","max-video-preview":"max-video-preview:-1"},"canonical":"https:\/\/rauntsivoblerid.eu\/en\/product\/haugi-lant\/","og_locale":"en_GB","og_type":"article","og_title":"Haugi lant - Rauntsi Voblerid K\u00e4sit\u00f6\u00f6na valmisatud haugi lant","og_description":"Haugilant on valmistatud k\u00e4sit\u00f6\u00f6na lepapuust. See k\u00e4sit\u00f6\u00f6lant on ideaalne meie madalasse rannikumerre, j\u00e4rvedele v\u00f5i j\u00f5gedele.","og_url":"https:\/\/rauntsivoblerid.eu\/en\/product\/haugi-lant\/","og_site_name":"Rauntsi Voblerid","article_publisher":"https:\/\/www.facebook.com\/rauntsivoblerid","article_modified_time":"2024-05-01T17:06:15+00:00","og_image":[{"width":2560,"height":1920,"url":"https:\/\/rauntsivoblerid.eu\/wp-content\/uploads\/2022\/10\/GSO-scaled.jpg","type":"image\/jpeg"}],"twitter_card":"summary_large_image","twitter_misc":{"Estimated reading time":"1 minute"},"schema":{"@context":"https:\/\/schema.org","@graph":[{"@type":"WebPage","@id":"https:\/\/rauntsivoblerid.eu\/toode\/haugi-lant\/","url":"https:\/\/rauntsivoblerid.eu\/toode\/haugi-lant\/","name":"Haugi lant - Rauntsi Voblerid K\u00e4sit\u00f6\u00f6na valmisatud haugi lant","isPartOf":{"@id":"https:\/\/rauntsivoblerid.eu\/#website"},"primaryImageOfPage":{"@id":"https:\/\/rauntsivoblerid.eu\/toode\/haugi-lant\/#primaryimage"},"image":{"@id":"https:\/\/rauntsivoblerid.eu\/toode\/haugi-lant\/#primaryimage"},"thumbnailUrl":"https:\/\/rauntsivoblerid.eu\/wp-content\/uploads\/2022\/10\/GSO-scaled.jpg","datePublished":"2022-10-15T09:46:51+00:00","dateModified":"2024-05-01T17:06:15+00:00","description":"Haugilant on valmistatud k\u00e4sit\u00f6\u00f6na lepapuust. See k\u00e4sit\u00f6\u00f6lant on ideaalne meie madalasse rannikumerre, j\u00e4rvedele v\u00f5i j\u00f5gedele.","breadcrumb":{"@id":"https:\/\/rauntsivoblerid.eu\/toode\/haugi-lant\/#breadcrumb"},"inLanguage":"en-GB","potentialAction":[{"@type":"ReadAction","target":["https:\/\/rauntsivoblerid.eu\/toode\/haugi-lant\/"]}]},{"@type":"ImageObject","inLanguage":"en-GB","@id":"https:\/\/rauntsivoblerid.eu\/toode\/haugi-lant\/#primaryimage","url":"https:\/\/rauntsivoblerid.eu\/wp-content\/uploads\/2022\/10\/GSO-scaled.jpg","contentUrl":"https:\/\/rauntsivoblerid.eu\/wp-content\/uploads\/2022\/10\/GSO-scaled.jpg","width":2560,"height":1920},{"@type":"BreadcrumbList","@id":"https:\/\/rauntsivoblerid.eu\/toode\/haugi-lant\/#breadcrumb","itemListElement":[{"@type":"ListItem","position":1,"name":"Home","item":"https:\/\/rauntsivoblerid.eu\/"},{"@type":"ListItem","position":2,"name":"Pood","item":"https:\/\/rauntsivoblerid.eu\/pood\/"},{"@type":"ListItem","position":3,"name":"Haugi lant"}]},{"@type":"WebSite","@id":"https:\/\/rauntsivoblerid.eu\/#website","url":"https:\/\/rauntsivoblerid.eu\/","name":"Rauntsi Voblerid","description":"K\u00e4sit\u00f6\u00f6na valmistatud haugi, l\u00f5he, meriforelli ja j\u00f5eforelli landid","publisher":{"@id":"https:\/\/rauntsivoblerid.eu\/#organization"},"potentialAction":[{"@type":"SearchAction","target":{"@type":"EntryPoint","urlTemplate":"https:\/\/rauntsivoblerid.eu\/?s={search_term_string}"},"query-input":{"@type":"PropertyValueSpecification","valueRequired":true,"valueName":"search_term_string"}}],"inLanguage":"en-GB"},{"@type":"Organization","@id":"https:\/\/rauntsivoblerid.eu\/#organization","name":"Rauntsi Voblerid","url":"https:\/\/rauntsivoblerid.eu\/","logo":{"@type":"ImageObject","inLanguage":"en-GB","@id":"https:\/\/rauntsivoblerid.eu\/#\/schema\/logo\/image\/","url":"https:\/\/rauntsivoblerid.eu\/wp-content\/uploads\/2021\/04\/cropped-4022673_transparent.png","contentUrl":"https:\/\/rauntsivoblerid.eu\/wp-content\/uploads\/2021\/04\/cropped-4022673_transparent.png","width":1425,"height":729,"caption":"Rauntsi Voblerid"},"image":{"@id":"https:\/\/rauntsivoblerid.eu\/#\/schema\/logo\/image\/"},"sameAs":["https:\/\/www.facebook.com\/rauntsivoblerid","https:\/\/www.instagram.com\/rauntsi_voblerid\/"]}]}},"jetpack_sharing_enabled":true,"_links":{"self":[{"href":"https:\/\/rauntsivoblerid.eu\/en\/wp-json\/wp\/v2\/product\/1316","targetHints":{"allow":["GET"]}}],"collection":[{"href":"https:\/\/rauntsivoblerid.eu\/en\/wp-json\/wp\/v2\/product"}],"about":[{"href":"https:\/\/rauntsivoblerid.eu\/en\/wp-json\/wp\/v2\/types\/product"}],"wp:featuredmedia":[{"embeddable":true,"href":"https:\/\/rauntsivoblerid.eu\/en\/wp-json\/wp\/v2\/media\/1350"}],"wp:attachment":[{"href":"https:\/\/rauntsivoblerid.eu\/en\/wp-json\/wp\/v2\/media?parent=1316"}],"wp:term":[{"taxonomy":"product_cat","embeddable":true,"href":"https:\/\/rauntsivoblerid.eu\/en\/wp-json\/wp\/v2\/product_cat?post=1316"},{"taxonomy":"product_tag","embeddable":true,"href":"https:\/\/rauntsivoblerid.eu\/en\/wp-json\/wp\/v2\/product_tag?post=1316"}],"curies":[{"name":"wp","href":"https:\/\/api.w.org\/{rel}","templated":true}]}}