{"id":288,"date":"2021-04-22T22:33:01","date_gmt":"2021-04-22T19:33:01","guid":{"rendered":"https:\/\/rauntsivoblerid.eu\/?post_type=product&#038;p=288"},"modified":"2024-01-01T10:56:52","modified_gmt":"2024-01-01T08:56:52","slug":"joeforelli-lant","status":"publish","type":"product","link":"https:\/\/rauntsivoblerid.eu\/en\/product\/joeforelli-lant\/","title":{"rendered":"River trout lures"},"content":{"rendered":"","protected":false},"excerpt":{"rendered":"<div class=\"elementor-element elementor-element-4723552 elementor-widget elementor-widget-text-editor\" data-id=\"4723552\" data-element_type=\"widget\" data-widget_type=\"text-editor.default\">\n<div class=\"elementor-widget-container\">\n<div class=\"elementor-text-editor elementor-clearfix\">\n<p>The lures are made of balsa wood. This gives the lure good buoyancy. In addition, I use a Z-shaped tongue on my lures, which adds active play to the lures. You will get the best results if you take a short break from time to time while winding the lure, or if you jerk slightly with the tip of the rod. In addition to river trout, these lures also successfully catch other fish (pike, perch, peat, salmon, etc.). Before sending it to the customer, I test each lure separately!<\/p>\n<ul>\n<li>Weight: ca 5g<\/li>\n<li>Length: 6cm<\/li>\n<li>Swimming depth: ca 1m<\/li>\n<\/ul>\n<div class=\"jn8vp64t l9j0dhe7 hpfvmrgz\">\n<div class=\"lzcic4wl\" tabindex=\"0\" role=\"gridcell\" data-scope=\"messages_table\" data-recover=\"true\">\n<div class=\"ni8dbmo4 stjgntxs g5ia77u1 ii04i59q j83agx80 cbu4d94t ll8tlv6m\" data-testid=\"messenger_incoming_text_row\">\n<div class=\"l60d2q6s d1544ag0 sj5x9vvc tw6a2znq l9j0dhe7 ni8dbmo4 stjgntxs qlfml3jp inkptoze jk6sbkaj qmr60zad jm1wdb64 qv66sw1b ljqsnud1 g6srhlxm odn2s2vf\">\n<div class=\"oo9gr5id\" dir=\"auto\">Order fulfillment time up to 14 days.<\/div>\n<\/div>\n<\/div>\n<\/div>\n<\/div>\n<p>&nbsp;<\/p>\n<\/div>\n<\/div>\n<\/div>","protected":false},"featured_media":1006,"template":"","meta":[],"product_cat":[15],"product_tag":[],"class_list":{"0":"post-288","1":"product","2":"type-product","3":"status-publish","4":"has-post-thumbnail","6":"product_cat-landid","8":"first","9":"instock","10":"taxable","11":"shipping-taxable","12":"purchasable","13":"product-type-variable","14":"has-default-attributes"},"yoast_head":"<!-- This site is optimized with the Yoast SEO plugin v26.6 - https:\/\/yoast.com\/wordpress\/plugins\/seo\/ -->\n<title>K\u00e4sit\u00f6\u00f6na balsa puust valmistatud j\u00f5eforelli landid - Rauntsi Voblerid<\/title>\n<meta name=\"description\" content=\"J\u00f5eforelli landid on k\u00e4sit\u00f6\u00f6na balsa puust valmistatud ja hea ujuvusega. Z kujuga keel lisab m\u00e4ngulisuse. Iga lant on testitud!\" \/>\n<meta name=\"robots\" content=\"index, follow, max-snippet:-1, max-image-preview:large, max-video-preview:-1\" \/>\n<link rel=\"canonical\" href=\"https:\/\/rauntsivoblerid.eu\/en\/product\/joeforelli-lant\/\" \/>\n<meta property=\"og:locale\" content=\"en_GB\" \/>\n<meta property=\"og:type\" content=\"article\" \/>\n<meta property=\"og:title\" content=\"K\u00e4sit\u00f6\u00f6na balsa puust valmistatud j\u00f5eforelli landid - Rauntsi Voblerid\" \/>\n<meta property=\"og:description\" content=\"J\u00f5eforelli landid on k\u00e4sit\u00f6\u00f6na balsa puust valmistatud ja hea ujuvusega. Z kujuga keel lisab m\u00e4ngulisuse. Iga lant on testitud!\" \/>\n<meta property=\"og:url\" content=\"https:\/\/rauntsivoblerid.eu\/en\/product\/joeforelli-lant\/\" \/>\n<meta property=\"og:site_name\" content=\"Rauntsi Voblerid\" \/>\n<meta property=\"article:publisher\" content=\"https:\/\/www.facebook.com\/rauntsivoblerid\" \/>\n<meta property=\"article:modified_time\" content=\"2024-01-01T08:56:52+00:00\" \/>\n<meta property=\"og:image\" content=\"https:\/\/rauntsivoblerid.eu\/wp-content\/uploads\/2021\/04\/6F-PBOD-scaled.jpg\" \/>\n\t<meta property=\"og:image:width\" content=\"2560\" \/>\n\t<meta property=\"og:image:height\" content=\"1707\" \/>\n\t<meta property=\"og:image:type\" content=\"image\/jpeg\" \/>\n<meta name=\"twitter:card\" content=\"summary_large_image\" \/>\n<script type=\"application\/ld+json\" class=\"yoast-schema-graph\">{\"@context\":\"https:\/\/schema.org\",\"@graph\":[{\"@type\":\"WebPage\",\"@id\":\"https:\/\/rauntsivoblerid.eu\/toode\/joeforelli-lant\/\",\"url\":\"https:\/\/rauntsivoblerid.eu\/toode\/joeforelli-lant\/\",\"name\":\"K\u00e4sit\u00f6\u00f6na balsa puust valmistatud j\u00f5eforelli landid - Rauntsi Voblerid\",\"isPartOf\":{\"@id\":\"https:\/\/rauntsivoblerid.eu\/#website\"},\"primaryImageOfPage\":{\"@id\":\"https:\/\/rauntsivoblerid.eu\/toode\/joeforelli-lant\/#primaryimage\"},\"image\":{\"@id\":\"https:\/\/rauntsivoblerid.eu\/toode\/joeforelli-lant\/#primaryimage\"},\"thumbnailUrl\":\"https:\/\/rauntsivoblerid.eu\/wp-content\/uploads\/2021\/04\/6F-PBOD-scaled.jpg\",\"datePublished\":\"2021-04-22T19:33:01+00:00\",\"dateModified\":\"2024-01-01T08:56:52+00:00\",\"description\":\"J\u00f5eforelli landid on k\u00e4sit\u00f6\u00f6na balsa puust valmistatud ja hea ujuvusega. Z kujuga keel lisab m\u00e4ngulisuse. Iga lant on testitud!\",\"breadcrumb\":{\"@id\":\"https:\/\/rauntsivoblerid.eu\/toode\/joeforelli-lant\/#breadcrumb\"},\"inLanguage\":\"en-GB\",\"potentialAction\":[{\"@type\":\"ReadAction\",\"target\":[\"https:\/\/rauntsivoblerid.eu\/toode\/joeforelli-lant\/\"]}]},{\"@type\":\"ImageObject\",\"inLanguage\":\"en-GB\",\"@id\":\"https:\/\/rauntsivoblerid.eu\/toode\/joeforelli-lant\/#primaryimage\",\"url\":\"https:\/\/rauntsivoblerid.eu\/wp-content\/uploads\/2021\/04\/6F-PBOD-scaled.jpg\",\"contentUrl\":\"https:\/\/rauntsivoblerid.eu\/wp-content\/uploads\/2021\/04\/6F-PBOD-scaled.jpg\",\"width\":2560,\"height\":1707},{\"@type\":\"BreadcrumbList\",\"@id\":\"https:\/\/rauntsivoblerid.eu\/toode\/joeforelli-lant\/#breadcrumb\",\"itemListElement\":[{\"@type\":\"ListItem\",\"position\":1,\"name\":\"Home\",\"item\":\"https:\/\/rauntsivoblerid.eu\/\"},{\"@type\":\"ListItem\",\"position\":2,\"name\":\"Pood\",\"item\":\"https:\/\/rauntsivoblerid.eu\/pood\/\"},{\"@type\":\"ListItem\",\"position\":3,\"name\":\"J\u00f5eforelli lant\"}]},{\"@type\":\"WebSite\",\"@id\":\"https:\/\/rauntsivoblerid.eu\/#website\",\"url\":\"https:\/\/rauntsivoblerid.eu\/\",\"name\":\"Rauntsi Voblerid\",\"description\":\"K\u00e4sit\u00f6\u00f6na valmistatud haugi, l\u00f5he, meriforelli ja j\u00f5eforelli landid\",\"publisher\":{\"@id\":\"https:\/\/rauntsivoblerid.eu\/#organization\"},\"potentialAction\":[{\"@type\":\"SearchAction\",\"target\":{\"@type\":\"EntryPoint\",\"urlTemplate\":\"https:\/\/rauntsivoblerid.eu\/?s={search_term_string}\"},\"query-input\":{\"@type\":\"PropertyValueSpecification\",\"valueRequired\":true,\"valueName\":\"search_term_string\"}}],\"inLanguage\":\"en-GB\"},{\"@type\":\"Organization\",\"@id\":\"https:\/\/rauntsivoblerid.eu\/#organization\",\"name\":\"Rauntsi Voblerid\",\"url\":\"https:\/\/rauntsivoblerid.eu\/\",\"logo\":{\"@type\":\"ImageObject\",\"inLanguage\":\"en-GB\",\"@id\":\"https:\/\/rauntsivoblerid.eu\/#\/schema\/logo\/image\/\",\"url\":\"https:\/\/rauntsivoblerid.eu\/wp-content\/uploads\/2021\/04\/cropped-4022673_transparent.png\",\"contentUrl\":\"https:\/\/rauntsivoblerid.eu\/wp-content\/uploads\/2021\/04\/cropped-4022673_transparent.png\",\"width\":1425,\"height\":729,\"caption\":\"Rauntsi Voblerid\"},\"image\":{\"@id\":\"https:\/\/rauntsivoblerid.eu\/#\/schema\/logo\/image\/\"},\"sameAs\":[\"https:\/\/www.facebook.com\/rauntsivoblerid\",\"https:\/\/www.instagram.com\/rauntsi_voblerid\/\"]}]}<\/script>\n<!-- \/ Yoast SEO plugin. -->","yoast_head_json":{"title":"K\u00e4sit\u00f6\u00f6na balsa puust valmistatud j\u00f5eforelli landid - Rauntsi Voblerid","description":"J\u00f5eforelli landid on k\u00e4sit\u00f6\u00f6na balsa puust valmistatud ja hea ujuvusega. Z kujuga keel lisab m\u00e4ngulisuse. Iga lant on testitud!","robots":{"index":"index","follow":"follow","max-snippet":"max-snippet:-1","max-image-preview":"max-image-preview:large","max-video-preview":"max-video-preview:-1"},"canonical":"https:\/\/rauntsivoblerid.eu\/en\/product\/joeforelli-lant\/","og_locale":"en_GB","og_type":"article","og_title":"K\u00e4sit\u00f6\u00f6na balsa puust valmistatud j\u00f5eforelli landid - Rauntsi Voblerid","og_description":"J\u00f5eforelli landid on k\u00e4sit\u00f6\u00f6na balsa puust valmistatud ja hea ujuvusega. Z kujuga keel lisab m\u00e4ngulisuse. Iga lant on testitud!","og_url":"https:\/\/rauntsivoblerid.eu\/en\/product\/joeforelli-lant\/","og_site_name":"Rauntsi Voblerid","article_publisher":"https:\/\/www.facebook.com\/rauntsivoblerid","article_modified_time":"2024-01-01T08:56:52+00:00","og_image":[{"width":2560,"height":1707,"url":"https:\/\/rauntsivoblerid.eu\/wp-content\/uploads\/2021\/04\/6F-PBOD-scaled.jpg","type":"image\/jpeg"}],"twitter_card":"summary_large_image","schema":{"@context":"https:\/\/schema.org","@graph":[{"@type":"WebPage","@id":"https:\/\/rauntsivoblerid.eu\/toode\/joeforelli-lant\/","url":"https:\/\/rauntsivoblerid.eu\/toode\/joeforelli-lant\/","name":"K\u00e4sit\u00f6\u00f6na balsa puust valmistatud j\u00f5eforelli landid - Rauntsi Voblerid","isPartOf":{"@id":"https:\/\/rauntsivoblerid.eu\/#website"},"primaryImageOfPage":{"@id":"https:\/\/rauntsivoblerid.eu\/toode\/joeforelli-lant\/#primaryimage"},"image":{"@id":"https:\/\/rauntsivoblerid.eu\/toode\/joeforelli-lant\/#primaryimage"},"thumbnailUrl":"https:\/\/rauntsivoblerid.eu\/wp-content\/uploads\/2021\/04\/6F-PBOD-scaled.jpg","datePublished":"2021-04-22T19:33:01+00:00","dateModified":"2024-01-01T08:56:52+00:00","description":"J\u00f5eforelli landid on k\u00e4sit\u00f6\u00f6na balsa puust valmistatud ja hea ujuvusega. Z kujuga keel lisab m\u00e4ngulisuse. Iga lant on testitud!","breadcrumb":{"@id":"https:\/\/rauntsivoblerid.eu\/toode\/joeforelli-lant\/#breadcrumb"},"inLanguage":"en-GB","potentialAction":[{"@type":"ReadAction","target":["https:\/\/rauntsivoblerid.eu\/toode\/joeforelli-lant\/"]}]},{"@type":"ImageObject","inLanguage":"en-GB","@id":"https:\/\/rauntsivoblerid.eu\/toode\/joeforelli-lant\/#primaryimage","url":"https:\/\/rauntsivoblerid.eu\/wp-content\/uploads\/2021\/04\/6F-PBOD-scaled.jpg","contentUrl":"https:\/\/rauntsivoblerid.eu\/wp-content\/uploads\/2021\/04\/6F-PBOD-scaled.jpg","width":2560,"height":1707},{"@type":"BreadcrumbList","@id":"https:\/\/rauntsivoblerid.eu\/toode\/joeforelli-lant\/#breadcrumb","itemListElement":[{"@type":"ListItem","position":1,"name":"Home","item":"https:\/\/rauntsivoblerid.eu\/"},{"@type":"ListItem","position":2,"name":"Pood","item":"https:\/\/rauntsivoblerid.eu\/pood\/"},{"@type":"ListItem","position":3,"name":"J\u00f5eforelli lant"}]},{"@type":"WebSite","@id":"https:\/\/rauntsivoblerid.eu\/#website","url":"https:\/\/rauntsivoblerid.eu\/","name":"Rauntsi Voblerid","description":"K\u00e4sit\u00f6\u00f6na valmistatud haugi, l\u00f5he, meriforelli ja j\u00f5eforelli landid","publisher":{"@id":"https:\/\/rauntsivoblerid.eu\/#organization"},"potentialAction":[{"@type":"SearchAction","target":{"@type":"EntryPoint","urlTemplate":"https:\/\/rauntsivoblerid.eu\/?s={search_term_string}"},"query-input":{"@type":"PropertyValueSpecification","valueRequired":true,"valueName":"search_term_string"}}],"inLanguage":"en-GB"},{"@type":"Organization","@id":"https:\/\/rauntsivoblerid.eu\/#organization","name":"Rauntsi Voblerid","url":"https:\/\/rauntsivoblerid.eu\/","logo":{"@type":"ImageObject","inLanguage":"en-GB","@id":"https:\/\/rauntsivoblerid.eu\/#\/schema\/logo\/image\/","url":"https:\/\/rauntsivoblerid.eu\/wp-content\/uploads\/2021\/04\/cropped-4022673_transparent.png","contentUrl":"https:\/\/rauntsivoblerid.eu\/wp-content\/uploads\/2021\/04\/cropped-4022673_transparent.png","width":1425,"height":729,"caption":"Rauntsi Voblerid"},"image":{"@id":"https:\/\/rauntsivoblerid.eu\/#\/schema\/logo\/image\/"},"sameAs":["https:\/\/www.facebook.com\/rauntsivoblerid","https:\/\/www.instagram.com\/rauntsi_voblerid\/"]}]}},"jetpack_sharing_enabled":true,"_links":{"self":[{"href":"https:\/\/rauntsivoblerid.eu\/en\/wp-json\/wp\/v2\/product\/288","targetHints":{"allow":["GET"]}}],"collection":[{"href":"https:\/\/rauntsivoblerid.eu\/en\/wp-json\/wp\/v2\/product"}],"about":[{"href":"https:\/\/rauntsivoblerid.eu\/en\/wp-json\/wp\/v2\/types\/product"}],"wp:featuredmedia":[{"embeddable":true,"href":"https:\/\/rauntsivoblerid.eu\/en\/wp-json\/wp\/v2\/media\/1006"}],"wp:attachment":[{"href":"https:\/\/rauntsivoblerid.eu\/en\/wp-json\/wp\/v2\/media?parent=288"}],"wp:term":[{"taxonomy":"product_cat","embeddable":true,"href":"https:\/\/rauntsivoblerid.eu\/en\/wp-json\/wp\/v2\/product_cat?post=288"},{"taxonomy":"product_tag","embeddable":true,"href":"https:\/\/rauntsivoblerid.eu\/en\/wp-json\/wp\/v2\/product_tag?post=288"}],"curies":[{"name":"wp","href":"https:\/\/api.w.org\/{rel}","templated":true}]}}